{"id":386,"date":"2023-10-19T09:45:30","date_gmt":"2023-10-19T09:45:30","guid":{"rendered":"https:\/\/michalmotycka.com\/wordpress\/?page_id=386"},"modified":"2024-09-10T10:35:05","modified_gmt":"2024-09-10T08:35:05","slug":"cv","status":"publish","type":"page","link":"https:\/\/michalmotycka.com\/?page_id=386","title":{"rendered":"CV"},"content":{"rendered":"\t\t<div data-elementor-type=\"wp-page\" data-elementor-id=\"386\" class=\"elementor elementor-386\" data-elementor-post-type=\"page\">\n\t\t\t\t\t\t\t<div class=\"elementor-element elementor-element-fca955e e-flex e-con-boxed e-con e-parent\" data-id=\"fca955e\" data-element_type=\"container\" data-settings=\"{&quot;content_width&quot;:&quot;boxed&quot;}\" data-core-v316-plus=\"true\">\n\t\t\t\t\t<div class=\"e-con-inner\">\n\t\t\t\t<div class=\"elementor-element elementor-element-3b2f9fe elementor-widget elementor-widget-text-editor\" data-id=\"3b2f9fe\" data-element_type=\"widget\" data-widget_type=\"text-editor.default\">\n\t\t\t\t<div class=\"elementor-widget-container\">\n\t\t\t<style>\/*! elementor - v3.17.0 - 08-11-2023 *\/\n.elementor-widget-text-editor.elementor-drop-cap-view-stacked .elementor-drop-cap{background-color:#69727d;color:#fff}.elementor-widget-text-editor.elementor-drop-cap-view-framed .elementor-drop-cap{color:#69727d;border:3px solid;background-color:transparent}.elementor-widget-text-editor:not(.elementor-drop-cap-view-default) .elementor-drop-cap{margin-top:8px}.elementor-widget-text-editor:not(.elementor-drop-cap-view-default) .elementor-drop-cap-letter{width:1em;height:1em}.elementor-widget-text-editor .elementor-drop-cap{float:left;text-align:center;line-height:1;font-size:50px}.elementor-widget-text-editor .elementor-drop-cap-letter{display:inline-block}<\/style>\t\t\t\t<p><span style=\"color: #000000;\">Michal Moty\u010dka se narodil 18. b\u0159ezna 1974 v Praze, je architekt a um\u011blec. Absolvoval fakultu architektury \u010cVUT v Praze (1992\u20132001), ateli\u00e9r Sklo v architektu\u0159e prof. Mariana Karla na V\u0160UPv Praze (1995\u20132000), studijn\u00ed st\u00e1\u017e na \u0160kole architektury prof. Emila P\u0159ikryla na AVU v Praze (1999) a studijn\u00ed st\u00e1\u017e v oboru skla na Rhode Island School of Design v Providence v USA (1999\u20132000). Zab\u00fdv\u00e1 se p\u0159esahem mezi architekturou a sou\u010dasn\u00fdm vizu\u00e1ln\u00edm um\u011bn\u00edm. Vystavoval mimo jin\u00e9v mezin\u00e1rodn\u011b respektovan\u00fdch muze\u00edch v d\u00e1nsk\u00e9m Ebeltoftu a Aarhusu a v belgick\u00e9m Lommelu. Od roku 1999 spolupracuje s V\u00e1clavem Ciglerem.<\/span><\/p><p><span style=\"color: #000000;\">Michal Moty\u010dka was born on 18 March 1974 in Prague. He is an architect and artist. He graduated from the Faculty of Architecture at the Czech Technical University in Prague (1992\u20132001) and from the studio of Glass in Architecture (with Professor Marian Karel, 1995\u20132000) at the Prague Academy of Arts, Architecture and Design; he completed an internship at the School of Architecture (with Professor Emil P\u0159ikryl, 1999) at the Academy of Fine Arts in Prague and received a research fellowship focusing on the field of glass at the Rhode Island School of Design in Providence, Rhode Island, USA (with Professor Bruce Chao, 1999\u20132000). He is a diverse multi disciplinary artist, and his work spans between architecture and contemporary visual art. He exhibited in internationally respected museums in Ebeltoft, Aarhus and Lommel. Since 1999, he works together with V\u00e1clav Cigler.<\/span><\/p>\t\t\t\t\t\t<\/div>\n\t\t\t\t<\/div>\n\t\t\t\t\t<\/div>\n\t\t\t\t<\/div>\n\t\t\t\t\t\t\t<\/div>\n\t\t","protected":false},"excerpt":{"rendered":"<p>Michal Moty\u010dka se narodil 18. b\u0159ezna 1974 v Praze, je architekt a um\u011blec. Absolvoval fakultu architektury \u010cVUT v Praze (1992\u20132001), ateli\u00e9r Sklo v architektu\u0159e prof. Mariana Karla na V\u0160UPv Praze (1995\u20132000), studijn\u00ed st\u00e1\u017e na \u0160kole architektury prof. Emila P\u0159ikryla na AVU v Praze (1999) a studijn\u00ed st\u00e1\u017e v oboru skla na Rhode Island School of [&hellip;]<\/p>\n","protected":false},"author":1,"featured_media":0,"parent":0,"menu_order":0,"comment_status":"closed","ping_status":"closed","template":"","meta":[],"_links":{"self":[{"href":"https:\/\/michalmotycka.com\/index.php?rest_route=\/wp\/v2\/pages\/386"}],"collection":[{"href":"https:\/\/michalmotycka.com\/index.php?rest_route=\/wp\/v2\/pages"}],"about":[{"href":"https:\/\/michalmotycka.com\/index.php?rest_route=\/wp\/v2\/types\/page"}],"author":[{"embeddable":true,"href":"https:\/\/michalmotycka.com\/index.php?rest_route=\/wp\/v2\/users\/1"}],"replies":[{"embeddable":true,"href":"https:\/\/michalmotycka.com\/index.php?rest_route=%2Fwp%2Fv2%2Fcomments&post=386"}],"version-history":[{"count":28,"href":"https:\/\/michalmotycka.com\/index.php?rest_route=\/wp\/v2\/pages\/386\/revisions"}],"predecessor-version":[{"id":687,"href":"https:\/\/michalmotycka.com\/index.php?rest_route=\/wp\/v2\/pages\/386\/revisions\/687"}],"wp:attachment":[{"href":"https:\/\/michalmotycka.com\/index.php?rest_route=%2Fwp%2Fv2%2Fmedia&parent=386"}],"curies":[{"name":"wp","href":"https:\/\/api.w.org\/{rel}","templated":true}]}}